{"id":274,"date":"2020-05-21T16:25:25","date_gmt":"2020-05-21T14:25:25","guid":{"rendered":"http:\/\/localhost\/gsbsira.com\/?page_id=274"},"modified":"2024-08-30T13:26:12","modified_gmt":"2024-08-30T11:26:12","slug":"nos-partenaires","status":"publish","type":"page","link":"https:\/\/dimic-group.com\/en\/nos-partenaires\/","title":{"rendered":"Our partnership"},"content":{"rendered":"<p>They trust us:<\/p>\n<p><strong>LOCAL PARTNERS<\/strong><\/p>\n<ul>\n<li>Les Boissons du Cameroun<\/li>\n<li>The Yaound\u00e9 District Municipality 7<\/li>\n<li>PNDP<\/li>\n<li>Public prosecutors<\/li>\n<li>Afriland First Bank<\/li>\n<li>CCA Bank<\/li>\n<li>Soci\u00e9t\u00e9 G\u00e9n\u00e9rale<\/li>\n<li>The FNE<\/li>\n<li>EBM-BTP<\/li>\n<li>Elecnor Cameroun<\/li>\n<li>Gamma forever<\/li>\n<li>Cdatagrid<\/li>\n<\/ul>\n<p><strong>INTERNATIONAL PARTNERS<\/strong><\/p>\n<ul>\n<li>TEFA<\/li>\n<\/ul>\n<p><\/p>","protected":false},"excerpt":{"rendered":"<p>They trust us: LOCAL PARTNERS Les Boissons du Cameroun The Yaound\u00e9 District Municipality 7 PNDP Public prosecutors Afriland First Bank CCA Bank Soci\u00e9t\u00e9 G\u00e9n\u00e9rale The FNE EBM-BTP Elecnor Cameroun Gamma forever Cdatagrid INTERNATIONAL PARTNERS TEFA<\/p>\n","protected":false},"author":1,"featured_media":577,"parent":0,"menu_order":0,"comment_status":"closed","ping_status":"closed","template":"","meta":{"footnotes":""},"acf":[],"_links":{"self":[{"href":"https:\/\/dimic-group.com\/en\/wp-json\/wp\/v2\/pages\/274"}],"collection":[{"href":"https:\/\/dimic-group.com\/en\/wp-json\/wp\/v2\/pages"}],"about":[{"href":"https:\/\/dimic-group.com\/en\/wp-json\/wp\/v2\/types\/page"}],"author":[{"embeddable":true,"href":"https:\/\/dimic-group.com\/en\/wp-json\/wp\/v2\/users\/1"}],"replies":[{"embeddable":true,"href":"https:\/\/dimic-group.com\/en\/wp-json\/wp\/v2\/comments?post=274"}],"version-history":[{"count":10,"href":"https:\/\/dimic-group.com\/en\/wp-json\/wp\/v2\/pages\/274\/revisions"}],"predecessor-version":[{"id":721,"href":"https:\/\/dimic-group.com\/en\/wp-json\/wp\/v2\/pages\/274\/revisions\/721"}],"wp:featuredmedia":[{"embeddable":true,"href":"https:\/\/dimic-group.com\/en\/wp-json\/wp\/v2\/media\/577"}],"wp:attachment":[{"href":"https:\/\/dimic-group.com\/en\/wp-json\/wp\/v2\/media?parent=274"}],"curies":[{"name":"wp","href":"https:\/\/api.w.org\/{rel}","templated":true}]}}